{"id":6090,"date":"2024-10-25T09:27:18","date_gmt":"2024-10-25T08:27:18","guid":{"rendered":"https:\/\/www.pritecmaskin.se\/?page_id=6090"},"modified":"2024-10-25T09:27:18","modified_gmt":"2024-10-25T08:27:18","slug":"fogfyllningsmaskin-fogrengoring-stenlaggning","status":"publish","type":"page","link":"https:\/\/www.pritecmaskin.se\/en\/fogfyllningsmaskin-fogrengoring-stenlaggning\/","title":{"rendered":"Grouting machine\/Grooving machine"},"content":{"rendered":"<p><a href=\"https:\/\/optimas.de\/en\/products\/jointing\/\">Optimism<\/a> assortment of <a href=\"https:\/\/www.pritecmaskin.se\/en\/product\/fogfyllningsmaskin-mini\/\">joint fillers<\/a> and <a href=\"https:\/\/www.pritecmaskin.se\/en\/product\/fogrengoring-fugenhexe\/\">grout cleaning <\/a>is designed to provide durable and stable joints in paving.<\/p>\n<p>A fully filled joint transfers force from stone to stone, prevents displacement and preserves the elasticity of the pavement.<\/p>\n<p>Perfect for both commercial and private projects.<\/p>","protected":false},"excerpt":{"rendered":"<p>Optimas sortiment av fogfyllningsmaskiner och fogreng\u00f6ring \u00e4r designat f\u00f6r att ge h\u00e5llbara och stabila fogar i stenl\u00e4ggningar. En helt fylld [&hellip;]<\/p>","protected":false},"author":45,"featured_media":6061,"parent":0,"menu_order":0,"comment_status":"closed","ping_status":"closed","template":"","meta":{"_exactmetrics_skip_tracking":false,"_exactmetrics_sitenote_active":false,"_exactmetrics_sitenote_note":"","_exactmetrics_sitenote_category":0,"site-sidebar-layout":"default","site-content-layout":"","ast-site-content-layout":"default","site-content-style":"default","site-sidebar-style":"default","ast-global-header-display":"","ast-banner-title-visibility":"","ast-main-header-display":"","ast-hfb-above-header-display":"","ast-hfb-below-header-display":"","ast-hfb-mobile-header-display":"","site-post-title":"","ast-breadcrumbs-content":"","ast-featured-img":"","footer-sml-layout":"","theme-transparent-header-meta":"default","adv-header-id-meta":"","stick-header-meta":"","header-above-stick-meta":"","header-main-stick-meta":"","header-below-stick-meta":"","astra-migrate-meta-layouts":"set","ast-page-background-enabled":"default","ast-page-background-meta":{"desktop":{"background-color":"var(--ast-global-color-4)","background-image":"","background-repeat":"repeat","background-position":"center center","background-size":"auto","background-attachment":"scroll","background-type":"","background-media":"","overlay-type":"","overlay-color":"","overlay-gradient":""},"tablet":{"background-color":"","background-image":"","background-repeat":"repeat","background-position":"center center","background-size":"auto","background-attachment":"scroll","background-type":"","background-media":"","overlay-type":"","overlay-color":"","overlay-gradient":""},"mobile":{"background-color":"","background-image":"","background-repeat":"repeat","background-position":"center center","background-size":"auto","background-attachment":"scroll","background-type":"","background-media":"","overlay-type":"","overlay-color":"","overlay-gradient":""}},"ast-content-background-meta":{"desktop":{"background-color":"var(--ast-global-color-5)","background-image":"","background-repeat":"repeat","background-position":"center center","background-size":"auto","background-attachment":"scroll","background-type":"","background-media":"","overlay-type":"","overlay-color":"","overlay-gradient":""},"tablet":{"background-color":"var(--ast-global-color-5)","background-image":"","background-repeat":"repeat","background-position":"center center","background-size":"auto","background-attachment":"scroll","background-type":"","background-media":"","overlay-type":"","overlay-color":"","overlay-gradient":""},"mobile":{"background-color":"var(--ast-global-color-5)","background-image":"","background-repeat":"repeat","background-position":"center center","background-size":"auto","background-attachment":"scroll","background-type":"","background-media":"","overlay-type":"","overlay-color":"","overlay-gradient":""}},"jetpack_post_was_ever_published":false,"footnotes":""},"class_list":["post-6090","page","type-page","status-publish","has-post-thumbnail","hentry"],"jetpack_sharing_enabled":true,"jetpack_shortlink":"https:\/\/wp.me\/PaCHCt-1Ae","_links":{"self":[{"href":"https:\/\/www.pritecmaskin.se\/en\/wp-json\/wp\/v2\/pages\/6090","targetHints":{"allow":["GET"]}}],"collection":[{"href":"https:\/\/www.pritecmaskin.se\/en\/wp-json\/wp\/v2\/pages"}],"about":[{"href":"https:\/\/www.pritecmaskin.se\/en\/wp-json\/wp\/v2\/types\/page"}],"author":[{"embeddable":true,"href":"https:\/\/www.pritecmaskin.se\/en\/wp-json\/wp\/v2\/users\/45"}],"replies":[{"embeddable":true,"href":"https:\/\/www.pritecmaskin.se\/en\/wp-json\/wp\/v2\/comments?post=6090"}],"version-history":[{"count":1,"href":"https:\/\/www.pritecmaskin.se\/en\/wp-json\/wp\/v2\/pages\/6090\/revisions"}],"predecessor-version":[{"id":6091,"href":"https:\/\/www.pritecmaskin.se\/en\/wp-json\/wp\/v2\/pages\/6090\/revisions\/6091"}],"wp:featuredmedia":[{"embeddable":true,"href":"https:\/\/www.pritecmaskin.se\/en\/wp-json\/wp\/v2\/media\/6061"}],"wp:attachment":[{"href":"https:\/\/www.pritecmaskin.se\/en\/wp-json\/wp\/v2\/media?parent=6090"}],"curies":[{"name":"wp","href":"https:\/\/api.w.org\/{rel}","templated":true}]}}